{"id":2474,"date":"2024-10-11T14:57:31","date_gmt":"2024-10-11T14:57:31","guid":{"rendered":"https:\/\/www.martinique-energies-nouvelles.com\/?page_id=2474"},"modified":"2025-09-10T12:11:36","modified_gmt":"2025-09-10T12:11:36","slug":"assemble-des-communes","status":"publish","type":"page","link":"https:\/\/www.martinique-energies-nouvelles.com\/?page_id=2474","title":{"rendered":"Assembl\u00e9 des communes"},"content":{"rendered":"\t\t<div data-elementor-type=\"wp-page\" data-elementor-id=\"2474\" class=\"elementor elementor-2474\" data-elementor-settings=\"{&quot;element_pack_global_tooltip_width&quot;:{&quot;unit&quot;:&quot;px&quot;,&quot;size&quot;:&quot;&quot;,&quot;sizes&quot;:[]},&quot;element_pack_global_tooltip_width_tablet&quot;:{&quot;unit&quot;:&quot;px&quot;,&quot;size&quot;:&quot;&quot;,&quot;sizes&quot;:[]},&quot;element_pack_global_tooltip_width_mobile&quot;:{&quot;unit&quot;:&quot;px&quot;,&quot;size&quot;:&quot;&quot;,&quot;sizes&quot;:[]},&quot;element_pack_global_tooltip_padding&quot;:{&quot;unit&quot;:&quot;px&quot;,&quot;top&quot;:&quot;&quot;,&quot;right&quot;:&quot;&quot;,&quot;bottom&quot;:&quot;&quot;,&quot;left&quot;:&quot;&quot;,&quot;isLinked&quot;:true},&quot;element_pack_global_tooltip_padding_tablet&quot;:{&quot;unit&quot;:&quot;px&quot;,&quot;top&quot;:&quot;&quot;,&quot;right&quot;:&quot;&quot;,&quot;bottom&quot;:&quot;&quot;,&quot;left&quot;:&quot;&quot;,&quot;isLinked&quot;:true},&quot;element_pack_global_tooltip_padding_mobile&quot;:{&quot;unit&quot;:&quot;px&quot;,&quot;top&quot;:&quot;&quot;,&quot;right&quot;:&quot;&quot;,&quot;bottom&quot;:&quot;&quot;,&quot;left&quot;:&quot;&quot;,&quot;isLinked&quot;:true},&quot;element_pack_global_tooltip_border_radius&quot;:{&quot;unit&quot;:&quot;px&quot;,&quot;top&quot;:&quot;&quot;,&quot;right&quot;:&quot;&quot;,&quot;bottom&quot;:&quot;&quot;,&quot;left&quot;:&quot;&quot;,&quot;isLinked&quot;:true},&quot;element_pack_global_tooltip_border_radius_tablet&quot;:{&quot;unit&quot;:&quot;px&quot;,&quot;top&quot;:&quot;&quot;,&quot;right&quot;:&quot;&quot;,&quot;bottom&quot;:&quot;&quot;,&quot;left&quot;:&quot;&quot;,&quot;isLinked&quot;:true},&quot;element_pack_global_tooltip_border_radius_mobile&quot;:{&quot;unit&quot;:&quot;px&quot;,&quot;top&quot;:&quot;&quot;,&quot;right&quot;:&quot;&quot;,&quot;bottom&quot;:&quot;&quot;,&quot;left&quot;:&quot;&quot;,&quot;isLinked&quot;:true}}\" data-elementor-post-type=\"page\">\n\t\t\t\t\t\t<section data-ep-wrapper-link=\"{&quot;url&quot;:&quot;https:\\\/\\\/www.martinique-energies-nouvelles.com\\\/?page_id=40&quot;,&quot;is_external&quot;:&quot;&quot;,&quot;nofollow&quot;:&quot;&quot;,&quot;custom_attributes&quot;:&quot;&quot;}\" style=\"cursor: pointer\" class=\"bdt-element-link elementor-section elementor-top-section elementor-element elementor-element-e98109f elementor-section-height-min-height elementor-section-full_width elementor-section-height-default elementor-section-items-middle\" data-id=\"e98109f\" data-element_type=\"section\" data-e-type=\"section\" data-settings=\"{&quot;background_background&quot;:&quot;classic&quot;}\">\n\t\t\t\t\t\t\t<div class=\"elementor-background-overlay\"><\/div>\n\t\t\t\t\t\t\t<div class=\"elementor-container elementor-column-gap-default\">\n\t\t\t\t\t<div class=\"elementor-column elementor-col-100 elementor-top-column elementor-element elementor-element-53488f1\" data-id=\"53488f1\" data-element_type=\"column\" data-e-type=\"column\" data-settings=\"{&quot;background_background&quot;:&quot;classic&quot;}\">\n\t\t\t<div class=\"elementor-widget-wrap elementor-element-populated\">\n\t\t\t\t\t\t<div class=\"elementor-element elementor-element-63189dc elementor-widget elementor-widget-heading\" data-id=\"63189dc\" data-element_type=\"widget\" data-e-type=\"widget\" data-widget_type=\"heading.default\">\n\t\t\t\t<div class=\"elementor-widget-container\">\n\t\t\t\t\t<h2 class=\"elementor-heading-title elementor-size-default\">L'\u00e9nergie est notre force !<\/h2>\t\t\t\t<\/div>\n\t\t\t\t<\/div>\n\t\t\t\t<div data-ep-wrapper-link=\"{&quot;url&quot;:&quot;https:\\\/\\\/www.martinique-energies-nouvelles.com\\\/?page_id=40&quot;,&quot;is_external&quot;:&quot;&quot;,&quot;nofollow&quot;:&quot;&quot;,&quot;custom_attributes&quot;:&quot;&quot;}\" style=\"cursor: pointer\" class=\"bdt-element-link elementor-element elementor-element-1cc221e elementor-widget elementor-widget-text-editor\" data-id=\"1cc221e\" data-element_type=\"widget\" data-e-type=\"widget\" data-widget_type=\"text-editor.default\">\n\t\t\t\t<div class=\"elementor-widget-container\">\n\t\t\t\t\t\t\t\t\t<p><em>La SPL Martinique \u00c9nergies Nouvelles vous\u00a0 accompagne dans votre transition \u00e9nerg\u00e9tique. Testez votre \u00e9ligibilit\u00e9 ICI !<\/em><\/p>\t\t\t\t\t\t\t\t<\/div>\n\t\t\t\t<\/div>\n\t\t\t\t<section class=\"elementor-section elementor-inner-section elementor-element elementor-element-8c45032 elementor-section-boxed elementor-section-height-default elementor-section-height-default\" data-id=\"8c45032\" data-element_type=\"section\" data-e-type=\"section\">\n\t\t\t\t\t\t<div class=\"elementor-container elementor-column-gap-default\">\n\t\t\t\t\t<div class=\"elementor-column elementor-col-50 elementor-inner-column elementor-element elementor-element-5646da5\" data-id=\"5646da5\" data-element_type=\"column\" data-e-type=\"column\">\n\t\t\t<div class=\"elementor-widget-wrap elementor-element-populated\">\n\t\t\t\t\t\t<div class=\"elementor-element elementor-element-410e0f4 elementor-absolute elementor-widget elementor-widget-image\" data-id=\"410e0f4\" data-element_type=\"widget\" data-e-type=\"widget\" data-settings=\"{&quot;_position&quot;:&quot;absolute&quot;}\" data-widget_type=\"image.default\">\n\t\t\t\t<div class=\"elementor-widget-container\">\n\t\t\t\t\t\t\t\t\t\t\t\t\t\t\t<img decoding=\"async\" width=\"250\" height=\"100\" src=\"https:\/\/www.martinique-energies-nouvelles.com\/wp-content\/uploads\/2024\/01\/6-image-png.png\" class=\"attachment-full size-full wp-image-512\" alt=\"\" \/>\t\t\t\t\t\t\t\t\t\t\t\t\t\t\t<\/div>\n\t\t\t\t<\/div>\n\t\t\t\t\t<\/div>\n\t\t<\/div>\n\t\t\t\t<div class=\"elementor-column elementor-col-50 elementor-inner-column elementor-element elementor-element-b7a817f\" data-id=\"b7a817f\" data-element_type=\"column\" data-e-type=\"column\">\n\t\t\t<div class=\"elementor-widget-wrap elementor-element-populated\">\n\t\t\t\t\t\t<div class=\"elementor-element elementor-element-dc0cb77 elementor-widget-mobile__width-initial elementor-absolute elementor-hidden-phone elementor-widget elementor-widget-image\" data-id=\"dc0cb77\" data-element_type=\"widget\" data-e-type=\"widget\" data-settings=\"{&quot;_position&quot;:&quot;absolute&quot;}\" data-widget_type=\"image.default\">\n\t\t\t\t<div class=\"elementor-widget-container\">\n\t\t\t\t\t\t\t\t\t\t\t\t\t\t\t<img decoding=\"async\" width=\"100\" height=\"250\" src=\"https:\/\/www.martinique-energies-nouvelles.com\/wp-content\/uploads\/2024\/01\/03-1.png\" class=\"attachment-full size-full wp-image-513\" alt=\"\" \/>\t\t\t\t\t\t\t\t\t\t\t\t\t\t\t<\/div>\n\t\t\t\t<\/div>\n\t\t\t\t\t<\/div>\n\t\t<\/div>\n\t\t\t\t\t<\/div>\n\t\t<\/section>\n\t\t\t\t\t<\/div>\n\t\t<\/div>\n\t\t\t\t\t<\/div>\n\t\t<\/section>\n\t\t<div class=\"elementor-element elementor-element-087e861 e-flex e-con-boxed e-con e-parent\" data-id=\"087e861\" data-element_type=\"container\" data-e-type=\"container\" data-settings=\"{&quot;background_background&quot;:&quot;classic&quot;}\">\n\t\t\t\t\t<div class=\"e-con-inner\">\n\t\t\t\t<div class=\"elementor-element elementor-element-e9b89ab elementor-widget elementor-widget-heading\" data-id=\"e9b89ab\" data-element_type=\"widget\" data-e-type=\"widget\" data-widget_type=\"heading.default\">\n\t\t\t\t<div class=\"elementor-widget-container\">\n\t\t\t\t\t<h2 class=\"elementor-heading-title elementor-size-default\">Composition du<\/h2>\t\t\t\t<\/div>\n\t\t\t\t<\/div>\n\t\t\t\t<div class=\"elementor-element elementor-element-ed9d29c elementor-widget elementor-widget-heading\" data-id=\"ed9d29c\" data-element_type=\"widget\" data-e-type=\"widget\" data-widget_type=\"heading.default\">\n\t\t\t\t<div class=\"elementor-widget-container\">\n\t\t\t\t\t<h2 class=\"elementor-heading-title elementor-size-default\">Assembl\u00e9e des communes<\/h2>\t\t\t\t<\/div>\n\t\t\t\t<\/div>\n\t\t\t\t<div class=\"elementor-element elementor-element-5e21d6d elementor-widget elementor-widget-text-editor\" data-id=\"5e21d6d\" data-element_type=\"widget\" data-e-type=\"widget\" data-widget_type=\"text-editor.default\">\n\t\t\t\t<div class=\"elementor-widget-container\">\n\t\t\t\t\t\t\t\t\t<p>L\u2019Assembl\u00e9e des Communes est une assembl\u00e9e sp\u00e9ciale, r\u00e9unissant un repr\u00e9sentant de chaque commune actionnaire de la SPL. Elle vote son r\u00e8glement, \u00e9lit un pr\u00e9sident et d\u00e9signe des repr\u00e9sentants au conseil d&rsquo;administration.<\/p><p>Actuellement, huit villes la compose. Il s\u2019agit des communes du FRANCOIS, VAUCLIN, ANSES D\u2019ARLET, MACOUBA, SCHOELCHER, MORNE-VERT, DUCOS, SAINT-ESPRIT. Les communes d\u00e9sirant d\u00e9velopper des projets en \u00e9nergies renouvelables peuvent rejoindre la SPL Martinique Energies Nouvelles \u00e0 tout moment.<\/p>\t\t\t\t\t\t\t\t<\/div>\n\t\t\t\t<\/div>\n\t\t<div class=\"elementor-element elementor-element-82e3408 e-grid e-con-boxed e-con e-child\" data-id=\"82e3408\" data-element_type=\"container\" data-e-type=\"container\">\n\t\t\t\t\t<div class=\"e-con-inner\">\n\t\t<div class=\"elementor-element elementor-element-b2e40d3 e-con-full e-flex e-con e-child\" data-id=\"b2e40d3\" data-element_type=\"container\" data-e-type=\"container\">\n\t\t\t\t<div class=\"elementor-element elementor-element-730cb90 elementor-vertical-align-center elementor-position-left elementor-widget elementor-widget-image-box\" data-id=\"730cb90\" data-element_type=\"widget\" data-e-type=\"widget\" data-widget_type=\"image-box.default\">\n\t\t\t\t<div class=\"elementor-widget-container\">\n\t\t\t\t\t<div class=\"elementor-image-box-wrapper\"><figure class=\"elementor-image-box-img\"><img fetchpriority=\"high\" decoding=\"async\" width=\"500\" height=\"485\" src=\"https:\/\/www.martinique-energies-nouvelles.com\/wp-content\/uploads\/2024\/11\/Charles-ADE.png\" class=\"elementor-animation-grow attachment-full size-full wp-image-2948\" alt=\"\" srcset=\"https:\/\/www.martinique-energies-nouvelles.com\/wp-content\/uploads\/2024\/11\/Charles-ADE.png 500w, https:\/\/www.martinique-energies-nouvelles.com\/wp-content\/uploads\/2024\/11\/Charles-ADE-300x291.png 300w\" sizes=\"(max-width: 500px) 100vw, 500px\" \/><\/figure><div class=\"elementor-image-box-content\"><h3 class=\"elementor-image-box-title\">Charles ADE<\/h3><p class=\"elementor-image-box-description\">Anses d\u2019Arlet<\/p><\/div><\/div>\t\t\t\t<\/div>\n\t\t\t\t<\/div>\n\t\t\t\t<div class=\"elementor-element elementor-element-d9967b3 elementor-widget elementor-widget-text-editor\" data-id=\"d9967b3\" data-element_type=\"widget\" data-e-type=\"widget\" data-widget_type=\"text-editor.default\">\n\t\t\t\t<div class=\"elementor-widget-container\">\n\t\t\t\t\t\t\t\t\t<p>Administrateur<\/p>\t\t\t\t\t\t\t\t<\/div>\n\t\t\t\t<\/div>\n\t\t\t\t<\/div>\n\t\t<div class=\"elementor-element elementor-element-65f8f67 e-con-full e-flex e-con e-child\" data-id=\"65f8f67\" data-element_type=\"container\" data-e-type=\"container\">\n\t\t\t\t<div class=\"elementor-element elementor-element-d36d2d2 elementor-vertical-align-center elementor-position-left elementor-widget elementor-widget-image-box\" data-id=\"d36d2d2\" data-element_type=\"widget\" data-e-type=\"widget\" data-widget_type=\"image-box.default\">\n\t\t\t\t<div class=\"elementor-widget-container\">\n\t\t\t\t\t<div class=\"elementor-image-box-wrapper\"><figure class=\"elementor-image-box-img\"><img loading=\"lazy\" decoding=\"async\" width=\"500\" height=\"485\" src=\"https:\/\/www.martinique-energies-nouvelles.com\/wp-content\/uploads\/2024\/11\/Francois-BABO.png\" class=\"elementor-animation-grow attachment-full size-full wp-image-2953\" alt=\"\" srcset=\"https:\/\/www.martinique-energies-nouvelles.com\/wp-content\/uploads\/2024\/11\/Francois-BABO.png 500w, https:\/\/www.martinique-energies-nouvelles.com\/wp-content\/uploads\/2024\/11\/Francois-BABO-300x291.png 300w\" sizes=\"(max-width: 500px) 100vw, 500px\" \/><\/figure><div class=\"elementor-image-box-content\"><h3 class=\"elementor-image-box-title\">Fran\u00e7ois BABO                        <\/h3><p class=\"elementor-image-box-description\">Vauclin<\/p><\/div><\/div>\t\t\t\t<\/div>\n\t\t\t\t<\/div>\n\t\t\t\t<div class=\"elementor-element elementor-element-2aa7218 elementor-widget elementor-widget-text-editor\" data-id=\"2aa7218\" data-element_type=\"widget\" data-e-type=\"widget\" data-widget_type=\"text-editor.default\">\n\t\t\t\t<div class=\"elementor-widget-container\">\n\t\t\t\t\t\t\t\t\t<p>Administrateur<\/p>\t\t\t\t\t\t\t\t<\/div>\n\t\t\t\t<\/div>\n\t\t\t\t<\/div>\n\t\t<div class=\"elementor-element elementor-element-40e7ccd e-con-full e-flex e-con e-child\" data-id=\"40e7ccd\" data-element_type=\"container\" data-e-type=\"container\">\n\t\t\t\t<div class=\"elementor-element elementor-element-a2e1bdc elementor-vertical-align-center elementor-position-left elementor-widget elementor-widget-image-box\" data-id=\"a2e1bdc\" data-element_type=\"widget\" data-e-type=\"widget\" data-widget_type=\"image-box.default\">\n\t\t\t\t<div class=\"elementor-widget-container\">\n\t\t\t\t\t<div class=\"elementor-image-box-wrapper\"><figure class=\"elementor-image-box-img\"><img loading=\"lazy\" decoding=\"async\" width=\"500\" height=\"485\" src=\"https:\/\/www.martinique-energies-nouvelles.com\/wp-content\/uploads\/2024\/11\/Delhia-LEOTIN.png\" class=\"elementor-animation-grow attachment-full size-full wp-image-2949\" alt=\"\" srcset=\"https:\/\/www.martinique-energies-nouvelles.com\/wp-content\/uploads\/2024\/11\/Delhia-LEOTIN.png 500w, https:\/\/www.martinique-energies-nouvelles.com\/wp-content\/uploads\/2024\/11\/Delhia-LEOTIN-300x291.png 300w\" sizes=\"(max-width: 500px) 100vw, 500px\" \/><\/figure><div class=\"elementor-image-box-content\"><h3 class=\"elementor-image-box-title\">Delhia LEOTIN<\/h3><p class=\"elementor-image-box-description\">Fran\u00e7ois<\/p><\/div><\/div>\t\t\t\t<\/div>\n\t\t\t\t<\/div>\n\t\t\t\t<div class=\"elementor-element elementor-element-bbe1e46 elementor-widget elementor-widget-text-editor\" data-id=\"bbe1e46\" data-element_type=\"widget\" data-e-type=\"widget\" data-widget_type=\"text-editor.default\">\n\t\t\t\t<div class=\"elementor-widget-container\">\n\t\t\t\t\t\t\t\t\t<p>Administrateur<\/p>\t\t\t\t\t\t\t\t<\/div>\n\t\t\t\t<\/div>\n\t\t\t\t<\/div>\n\t\t<div class=\"elementor-element elementor-element-d2ec931 e-con-full e-flex e-con e-child\" data-id=\"d2ec931\" data-element_type=\"container\" data-e-type=\"container\">\n\t\t\t\t<div class=\"elementor-element elementor-element-f835628 elementor-vertical-align-center elementor-position-left elementor-widget elementor-widget-image-box\" data-id=\"f835628\" data-element_type=\"widget\" data-e-type=\"widget\" data-widget_type=\"image-box.default\">\n\t\t\t\t<div class=\"elementor-widget-container\">\n\t\t\t\t\t<div class=\"elementor-image-box-wrapper\"><figure class=\"elementor-image-box-img\"><img loading=\"lazy\" decoding=\"async\" width=\"500\" height=\"485\" src=\"https:\/\/www.martinique-energies-nouvelles.com\/wp-content\/uploads\/2024\/11\/JC-BOULANGE.j.png\" class=\"elementor-animation-grow attachment-full size-full wp-image-2956\" alt=\"\" srcset=\"https:\/\/www.martinique-energies-nouvelles.com\/wp-content\/uploads\/2024\/11\/JC-BOULANGE.j.png 500w, https:\/\/www.martinique-energies-nouvelles.com\/wp-content\/uploads\/2024\/11\/JC-BOULANGE.j-300x291.png 300w\" sizes=\"(max-width: 500px) 100vw, 500px\" \/><\/figure><div class=\"elementor-image-box-content\"><h3 class=\"elementor-image-box-title\">Jean-Charles BOULANGER <\/h3><p class=\"elementor-image-box-description\">Morne-Vert<\/p><\/div><\/div>\t\t\t\t<\/div>\n\t\t\t\t<\/div>\n\t\t\t\t<div class=\"elementor-element elementor-element-a8e73fe elementor-widget elementor-widget-text-editor\" data-id=\"a8e73fe\" data-element_type=\"widget\" data-e-type=\"widget\" data-widget_type=\"text-editor.default\">\n\t\t\t\t<div class=\"elementor-widget-container\">\n\t\t\t\t\t\t\t\t\t<p>Administrateur<\/p>\t\t\t\t\t\t\t\t<\/div>\n\t\t\t\t<\/div>\n\t\t\t\t<\/div>\n\t\t<div class=\"elementor-element elementor-element-3900654 e-con-full e-flex e-con e-child\" data-id=\"3900654\" data-element_type=\"container\" data-e-type=\"container\">\n\t\t\t\t<div class=\"elementor-element elementor-element-7d5972e elementor-vertical-align-center elementor-position-left elementor-widget elementor-widget-image-box\" data-id=\"7d5972e\" data-element_type=\"widget\" data-e-type=\"widget\" data-widget_type=\"image-box.default\">\n\t\t\t\t<div class=\"elementor-widget-container\">\n\t\t\t\t\t<div class=\"elementor-image-box-wrapper\"><figure class=\"elementor-image-box-img\"><img loading=\"lazy\" decoding=\"async\" width=\"500\" height=\"485\" src=\"https:\/\/www.martinique-energies-nouvelles.com\/wp-content\/uploads\/2024\/11\/Jean-Luc-MAVILLE.png\" class=\"elementor-animation-grow attachment-full size-full wp-image-2957\" alt=\"\" srcset=\"https:\/\/www.martinique-energies-nouvelles.com\/wp-content\/uploads\/2024\/11\/Jean-Luc-MAVILLE.png 500w, https:\/\/www.martinique-energies-nouvelles.com\/wp-content\/uploads\/2024\/11\/Jean-Luc-MAVILLE-300x291.png 300w\" sizes=\"(max-width: 500px) 100vw, 500px\" \/><\/figure><div class=\"elementor-image-box-content\"><h3 class=\"elementor-image-box-title\">Jean-Luc MAVILLE<\/h3><p class=\"elementor-image-box-description\">Schoelcher<\/p><\/div><\/div>\t\t\t\t<\/div>\n\t\t\t\t<\/div>\n\t\t\t\t<div class=\"elementor-element elementor-element-9b09694 elementor-widget elementor-widget-text-editor\" data-id=\"9b09694\" data-element_type=\"widget\" data-e-type=\"widget\" data-widget_type=\"text-editor.default\">\n\t\t\t\t<div class=\"elementor-widget-container\">\n\t\t\t\t\t\t\t\t\t<p>Administrateur<\/p>\t\t\t\t\t\t\t\t<\/div>\n\t\t\t\t<\/div>\n\t\t\t\t<\/div>\n\t\t<div class=\"elementor-element elementor-element-90edc3c e-con-full e-flex e-con e-child\" data-id=\"90edc3c\" data-element_type=\"container\" data-e-type=\"container\">\n\t\t\t\t<div class=\"elementor-element elementor-element-9f62087 elementor-vertical-align-center elementor-position-left elementor-widget elementor-widget-image-box\" data-id=\"9f62087\" data-element_type=\"widget\" data-e-type=\"widget\" data-widget_type=\"image-box.default\">\n\t\t\t\t<div class=\"elementor-widget-container\">\n\t\t\t\t\t<div class=\"elementor-image-box-wrapper\"><figure class=\"elementor-image-box-img\"><img loading=\"lazy\" decoding=\"async\" width=\"500\" height=\"485\" src=\"https:\/\/www.martinique-energies-nouvelles.com\/wp-content\/uploads\/2025\/09\/Rene-GALY.png\" class=\"attachment-full size-full wp-image-3373\" alt=\"\" srcset=\"https:\/\/www.martinique-energies-nouvelles.com\/wp-content\/uploads\/2025\/09\/Rene-GALY.png 500w, https:\/\/www.martinique-energies-nouvelles.com\/wp-content\/uploads\/2025\/09\/Rene-GALY-300x291.png 300w\" sizes=\"(max-width: 500px) 100vw, 500px\" \/><\/figure><div class=\"elementor-image-box-content\"><h3 class=\"elementor-image-box-title\">Lyvie LOUISY<\/h3><p class=\"elementor-image-box-description\">Macouba<\/p><\/div><\/div>\t\t\t\t<\/div>\n\t\t\t\t<\/div>\n\t\t\t\t<div class=\"elementor-element elementor-element-6a49846 elementor-widget elementor-widget-text-editor\" data-id=\"6a49846\" data-element_type=\"widget\" data-e-type=\"widget\" data-widget_type=\"text-editor.default\">\n\t\t\t\t<div class=\"elementor-widget-container\">\n\t\t\t\t\t\t\t\t\t<p>Administrateur<\/p>\t\t\t\t\t\t\t\t<\/div>\n\t\t\t\t<\/div>\n\t\t\t\t<\/div>\n\t\t<div class=\"elementor-element elementor-element-e47eb84 e-con-full e-flex e-con e-child\" data-id=\"e47eb84\" data-element_type=\"container\" data-e-type=\"container\">\n\t\t\t\t<div class=\"elementor-element elementor-element-5006059 elementor-vertical-align-center elementor-position-left elementor-widget elementor-widget-image-box\" data-id=\"5006059\" data-element_type=\"widget\" data-e-type=\"widget\" data-widget_type=\"image-box.default\">\n\t\t\t\t<div class=\"elementor-widget-container\">\n\t\t\t\t\t<div class=\"elementor-image-box-wrapper\"><figure class=\"elementor-image-box-img\"><img loading=\"lazy\" decoding=\"async\" width=\"500\" height=\"485\" src=\"https:\/\/www.martinique-energies-nouvelles.com\/wp-content\/uploads\/2024\/11\/Robert-THOMASSIN.png\" class=\"elementor-animation-grow attachment-full size-full wp-image-2964\" alt=\"\" srcset=\"https:\/\/www.martinique-energies-nouvelles.com\/wp-content\/uploads\/2024\/11\/Robert-THOMASSIN.png 500w, https:\/\/www.martinique-energies-nouvelles.com\/wp-content\/uploads\/2024\/11\/Robert-THOMASSIN-300x291.png 300w\" sizes=\"(max-width: 500px) 100vw, 500px\" \/><\/figure><div class=\"elementor-image-box-content\"><h3 class=\"elementor-image-box-title\">Georges THOMASSIN<\/h3><p class=\"elementor-image-box-description\">Ducos<\/p><\/div><\/div>\t\t\t\t<\/div>\n\t\t\t\t<\/div>\n\t\t\t\t<div class=\"elementor-element elementor-element-87ec8b8 elementor-widget elementor-widget-text-editor\" data-id=\"87ec8b8\" data-element_type=\"widget\" data-e-type=\"widget\" data-widget_type=\"text-editor.default\">\n\t\t\t\t<div class=\"elementor-widget-container\">\n\t\t\t\t\t\t\t\t\t<p>Administrateur<\/p>\t\t\t\t\t\t\t\t<\/div>\n\t\t\t\t<\/div>\n\t\t\t\t<\/div>\n\t\t<div class=\"elementor-element elementor-element-ee5fa92 e-con-full e-flex e-con e-child\" data-id=\"ee5fa92\" data-element_type=\"container\" data-e-type=\"container\">\n\t\t\t\t<div class=\"elementor-element elementor-element-fbfc7fc elementor-vertical-align-center elementor-position-left elementor-widget elementor-widget-image-box\" data-id=\"fbfc7fc\" data-element_type=\"widget\" data-e-type=\"widget\" data-widget_type=\"image-box.default\">\n\t\t\t\t<div class=\"elementor-widget-container\">\n\t\t\t\t\t<div class=\"elementor-image-box-wrapper\"><figure class=\"elementor-image-box-img\"><img loading=\"lazy\" decoding=\"async\" width=\"500\" height=\"485\" src=\"https:\/\/www.martinique-energies-nouvelles.com\/wp-content\/uploads\/2024\/11\/Patricia-BRIAND-BOCLE.png\" class=\"elementor-animation-grow attachment-full size-full wp-image-2961\" alt=\"\" srcset=\"https:\/\/www.martinique-energies-nouvelles.com\/wp-content\/uploads\/2024\/11\/Patricia-BRIAND-BOCLE.png 500w, https:\/\/www.martinique-energies-nouvelles.com\/wp-content\/uploads\/2024\/11\/Patricia-BRIAND-BOCLE-300x291.png 300w\" sizes=\"(max-width: 500px) 100vw, 500px\" \/><\/figure><div class=\"elementor-image-box-content\"><h3 class=\"elementor-image-box-title\">Patricia BOCLE-BRIAND<\/h3><p class=\"elementor-image-box-description\">Saint-Esprit<\/p><\/div><\/div>\t\t\t\t<\/div>\n\t\t\t\t<\/div>\n\t\t\t\t<div class=\"elementor-element elementor-element-6076944 elementor-widget elementor-widget-text-editor\" data-id=\"6076944\" data-element_type=\"widget\" data-e-type=\"widget\" data-widget_type=\"text-editor.default\">\n\t\t\t\t<div class=\"elementor-widget-container\">\n\t\t\t\t\t\t\t\t\t<p>Administrateur<\/p>\t\t\t\t\t\t\t\t<\/div>\n\t\t\t\t<\/div>\n\t\t\t\t<\/div>\n\t\t\t\t\t<\/div>\n\t\t\t\t<\/div>\n\t\t<div class=\"elementor-element elementor-element-446f303 e-grid e-con-full e-con e-child\" data-id=\"446f303\" data-element_type=\"container\" data-e-type=\"container\">\n\t\t\t\t<\/div>\n\t\t\t\t\t<\/div>\n\t\t\t\t<\/div>\n\t\t\t\t<\/div>\n\t\t","protected":false},"excerpt":{"rendered":"<p>L&rsquo;\u00e9nergie est notre force ! La SPL Martinique \u00c9nergies Nouvelles vous\u00a0 accompagne dans votre transition \u00e9nerg\u00e9tique. Testez votre \u00e9ligibilit\u00e9 ICI ! Composition du Assembl\u00e9e des communes L\u2019Assembl\u00e9e des Communes est une assembl\u00e9e sp\u00e9ciale, r\u00e9unissant un repr\u00e9sentant de chaque commune actionnaire de la SPL. Elle vote son r\u00e8glement, \u00e9lit un pr\u00e9sident et d\u00e9signe des repr\u00e9sentants au [&hellip;]<\/p>\n","protected":false},"author":1,"featured_media":0,"parent":0,"menu_order":0,"comment_status":"closed","ping_status":"closed","template":"","meta":{"_acf_changed":false,"footnotes":""},"class_list":["post-2474","page","type-page","status-publish","hentry"],"acf":[],"_links":{"self":[{"href":"https:\/\/www.martinique-energies-nouvelles.com\/index.php?rest_route=\/wp\/v2\/pages\/2474","targetHints":{"allow":["GET"]}}],"collection":[{"href":"https:\/\/www.martinique-energies-nouvelles.com\/index.php?rest_route=\/wp\/v2\/pages"}],"about":[{"href":"https:\/\/www.martinique-energies-nouvelles.com\/index.php?rest_route=\/wp\/v2\/types\/page"}],"author":[{"embeddable":true,"href":"https:\/\/www.martinique-energies-nouvelles.com\/index.php?rest_route=\/wp\/v2\/users\/1"}],"replies":[{"embeddable":true,"href":"https:\/\/www.martinique-energies-nouvelles.com\/index.php?rest_route=%2Fwp%2Fv2%2Fcomments&post=2474"}],"version-history":[{"count":37,"href":"https:\/\/www.martinique-energies-nouvelles.com\/index.php?rest_route=\/wp\/v2\/pages\/2474\/revisions"}],"predecessor-version":[{"id":3378,"href":"https:\/\/www.martinique-energies-nouvelles.com\/index.php?rest_route=\/wp\/v2\/pages\/2474\/revisions\/3378"}],"wp:attachment":[{"href":"https:\/\/www.martinique-energies-nouvelles.com\/index.php?rest_route=%2Fwp%2Fv2%2Fmedia&parent=2474"}],"curies":[{"name":"wp","href":"https:\/\/api.w.org\/{rel}","templated":true}]}}