{"id":2003,"date":"2024-07-08T16:10:49","date_gmt":"2024-07-08T16:10:49","guid":{"rendered":"https:\/\/www.martinique-energies-nouvelles.com\/?page_id=2003"},"modified":"2025-09-25T08:48:04","modified_gmt":"2025-09-25T08:48:04","slug":"marches-en-cours","status":"publish","type":"page","link":"https:\/\/www.martinique-energies-nouvelles.com\/?page_id=2003","title":{"rendered":"March\u00e9s en cours"},"content":{"rendered":"\t\t<div data-elementor-type=\"wp-page\" data-elementor-id=\"2003\" class=\"elementor elementor-2003\" data-elementor-settings=\"{&quot;element_pack_global_tooltip_width&quot;:{&quot;unit&quot;:&quot;px&quot;,&quot;size&quot;:&quot;&quot;,&quot;sizes&quot;:[]},&quot;element_pack_global_tooltip_width_tablet&quot;:{&quot;unit&quot;:&quot;px&quot;,&quot;size&quot;:&quot;&quot;,&quot;sizes&quot;:[]},&quot;element_pack_global_tooltip_width_mobile&quot;:{&quot;unit&quot;:&quot;px&quot;,&quot;size&quot;:&quot;&quot;,&quot;sizes&quot;:[]},&quot;element_pack_global_tooltip_padding&quot;:{&quot;unit&quot;:&quot;px&quot;,&quot;top&quot;:&quot;&quot;,&quot;right&quot;:&quot;&quot;,&quot;bottom&quot;:&quot;&quot;,&quot;left&quot;:&quot;&quot;,&quot;isLinked&quot;:true},&quot;element_pack_global_tooltip_padding_tablet&quot;:{&quot;unit&quot;:&quot;px&quot;,&quot;top&quot;:&quot;&quot;,&quot;right&quot;:&quot;&quot;,&quot;bottom&quot;:&quot;&quot;,&quot;left&quot;:&quot;&quot;,&quot;isLinked&quot;:true},&quot;element_pack_global_tooltip_padding_mobile&quot;:{&quot;unit&quot;:&quot;px&quot;,&quot;top&quot;:&quot;&quot;,&quot;right&quot;:&quot;&quot;,&quot;bottom&quot;:&quot;&quot;,&quot;left&quot;:&quot;&quot;,&quot;isLinked&quot;:true},&quot;element_pack_global_tooltip_border_radius&quot;:{&quot;unit&quot;:&quot;px&quot;,&quot;top&quot;:&quot;&quot;,&quot;right&quot;:&quot;&quot;,&quot;bottom&quot;:&quot;&quot;,&quot;left&quot;:&quot;&quot;,&quot;isLinked&quot;:true},&quot;element_pack_global_tooltip_border_radius_tablet&quot;:{&quot;unit&quot;:&quot;px&quot;,&quot;top&quot;:&quot;&quot;,&quot;right&quot;:&quot;&quot;,&quot;bottom&quot;:&quot;&quot;,&quot;left&quot;:&quot;&quot;,&quot;isLinked&quot;:true},&quot;element_pack_global_tooltip_border_radius_mobile&quot;:{&quot;unit&quot;:&quot;px&quot;,&quot;top&quot;:&quot;&quot;,&quot;right&quot;:&quot;&quot;,&quot;bottom&quot;:&quot;&quot;,&quot;left&quot;:&quot;&quot;,&quot;isLinked&quot;:true}}\" data-elementor-post-type=\"page\">\n\t\t\t\t\t\t<section data-ep-wrapper-link=\"{&quot;url&quot;:&quot;https:\\\/\\\/www.martinique-energies-nouvelles.com\\\/?page_id=40&quot;,&quot;is_external&quot;:&quot;&quot;,&quot;nofollow&quot;:&quot;&quot;,&quot;custom_attributes&quot;:&quot;&quot;}\" style=\"cursor: pointer\" class=\"bdt-element-link elementor-section elementor-top-section elementor-element elementor-element-024f9eb elementor-section-height-min-height elementor-section-full_width elementor-section-height-default elementor-section-items-middle\" data-id=\"024f9eb\" data-element_type=\"section\" data-e-type=\"section\" data-settings=\"{&quot;background_background&quot;:&quot;classic&quot;}\">\n\t\t\t\t\t\t\t<div class=\"elementor-background-overlay\"><\/div>\n\t\t\t\t\t\t\t<div class=\"elementor-container elementor-column-gap-default\">\n\t\t\t\t\t<div class=\"elementor-column elementor-col-100 elementor-top-column elementor-element elementor-element-bfb9bf0\" data-id=\"bfb9bf0\" data-element_type=\"column\" data-e-type=\"column\" data-settings=\"{&quot;background_background&quot;:&quot;classic&quot;}\">\n\t\t\t<div class=\"elementor-widget-wrap elementor-element-populated\">\n\t\t\t\t\t\t<div class=\"elementor-element elementor-element-b279821 elementor-widget elementor-widget-heading\" data-id=\"b279821\" data-element_type=\"widget\" data-e-type=\"widget\" data-widget_type=\"heading.default\">\n\t\t\t\t<div class=\"elementor-widget-container\">\n\t\t\t\t\t<h2 class=\"elementor-heading-title elementor-size-default\">L'\u00e9nergie est notre force !<\/h2>\t\t\t\t<\/div>\n\t\t\t\t<\/div>\n\t\t\t\t<div data-ep-wrapper-link=\"{&quot;url&quot;:&quot;https:\\\/\\\/www.martinique-energies-nouvelles.com\\\/?page_id=40&quot;,&quot;is_external&quot;:&quot;&quot;,&quot;nofollow&quot;:&quot;&quot;,&quot;custom_attributes&quot;:&quot;&quot;}\" style=\"cursor: pointer\" class=\"bdt-element-link elementor-element elementor-element-44b7149 elementor-widget elementor-widget-text-editor\" data-id=\"44b7149\" data-element_type=\"widget\" data-e-type=\"widget\" data-widget_type=\"text-editor.default\">\n\t\t\t\t<div class=\"elementor-widget-container\">\n\t\t\t\t\t\t\t\t\t<p><em>La SPL Martinique \u00c9nergies Nouvelles vous\u00a0accompagne dans votre transition \u00e9nerg\u00e9tique. Testez votre \u00e9ligibilit\u00e9 ICI !<\/em><\/p>\t\t\t\t\t\t\t\t<\/div>\n\t\t\t\t<\/div>\n\t\t\t\t<section class=\"elementor-section elementor-inner-section elementor-element elementor-element-2eea23b elementor-section-boxed elementor-section-height-default elementor-section-height-default\" data-id=\"2eea23b\" data-element_type=\"section\" data-e-type=\"section\">\n\t\t\t\t\t\t<div class=\"elementor-container elementor-column-gap-default\">\n\t\t\t\t\t<div class=\"elementor-column elementor-col-50 elementor-inner-column elementor-element elementor-element-2719669\" data-id=\"2719669\" data-element_type=\"column\" data-e-type=\"column\">\n\t\t\t<div class=\"elementor-widget-wrap elementor-element-populated\">\n\t\t\t\t\t\t<div class=\"elementor-element elementor-element-b28ff17 elementor-absolute elementor-widget elementor-widget-image\" data-id=\"b28ff17\" data-element_type=\"widget\" data-e-type=\"widget\" data-settings=\"{&quot;_position&quot;:&quot;absolute&quot;}\" data-widget_type=\"image.default\">\n\t\t\t\t<div class=\"elementor-widget-container\">\n\t\t\t\t\t\t\t\t\t\t\t\t\t\t\t<img decoding=\"async\" width=\"250\" height=\"100\" src=\"https:\/\/www.martinique-energies-nouvelles.com\/wp-content\/uploads\/2024\/01\/6-image-png.png\" class=\"attachment-full size-full wp-image-512\" alt=\"\" \/>\t\t\t\t\t\t\t\t\t\t\t\t\t\t\t<\/div>\n\t\t\t\t<\/div>\n\t\t\t\t\t<\/div>\n\t\t<\/div>\n\t\t\t\t<div class=\"elementor-column elementor-col-50 elementor-inner-column elementor-element elementor-element-681835f\" data-id=\"681835f\" data-element_type=\"column\" data-e-type=\"column\">\n\t\t\t<div class=\"elementor-widget-wrap elementor-element-populated\">\n\t\t\t\t\t\t<div class=\"elementor-element elementor-element-c388c03 elementor-widget-mobile__width-initial elementor-absolute elementor-hidden-phone elementor-widget elementor-widget-image\" data-id=\"c388c03\" data-element_type=\"widget\" data-e-type=\"widget\" data-settings=\"{&quot;_position&quot;:&quot;absolute&quot;}\" data-widget_type=\"image.default\">\n\t\t\t\t<div class=\"elementor-widget-container\">\n\t\t\t\t\t\t\t\t\t\t\t\t\t\t\t<img decoding=\"async\" width=\"100\" height=\"250\" src=\"https:\/\/www.martinique-energies-nouvelles.com\/wp-content\/uploads\/2024\/01\/03-1.png\" class=\"attachment-full size-full wp-image-513\" alt=\"\" \/>\t\t\t\t\t\t\t\t\t\t\t\t\t\t\t<\/div>\n\t\t\t\t<\/div>\n\t\t\t\t\t<\/div>\n\t\t<\/div>\n\t\t\t\t\t<\/div>\n\t\t<\/section>\n\t\t\t\t\t<\/div>\n\t\t<\/div>\n\t\t\t\t\t<\/div>\n\t\t<\/section>\n\t\t<div class=\"elementor-element elementor-element-31d03c7 e-flex e-con-boxed e-con e-parent\" data-id=\"31d03c7\" data-element_type=\"container\" data-e-type=\"container\">\n\t\t\t\t\t<div class=\"e-con-inner\">\n\t\t\t\t<div class=\"elementor-element elementor-element-cb6a925 elementor-widget elementor-widget-spacer\" data-id=\"cb6a925\" data-element_type=\"widget\" data-e-type=\"widget\" data-widget_type=\"spacer.default\">\n\t\t\t\t<div class=\"elementor-widget-container\">\n\t\t\t\t\t\t\t<div class=\"elementor-spacer\">\n\t\t\t<div class=\"elementor-spacer-inner\"><\/div>\n\t\t<\/div>\n\t\t\t\t\t\t<\/div>\n\t\t\t\t<\/div>\n\t\t\t\t\t<\/div>\n\t\t\t\t<\/div>\n\t\t<div class=\"elementor-element elementor-element-5665fe3 e-flex e-con-boxed e-con e-parent\" data-id=\"5665fe3\" data-element_type=\"container\" data-e-type=\"container\">\n\t\t\t\t\t<div class=\"e-con-inner\">\n\t\t<div class=\"elementor-element elementor-element-1c695f8 e-con-full e-flex e-con e-child\" data-id=\"1c695f8\" data-element_type=\"container\" data-e-type=\"container\">\n\t\t\t\t<div class=\"elementor-element elementor-element-dec0311 elementor-widget elementor-widget-spacer\" data-id=\"dec0311\" data-element_type=\"widget\" data-e-type=\"widget\" data-widget_type=\"spacer.default\">\n\t\t\t\t<div class=\"elementor-widget-container\">\n\t\t\t\t\t\t\t<div class=\"elementor-spacer\">\n\t\t\t<div class=\"elementor-spacer-inner\"><\/div>\n\t\t<\/div>\n\t\t\t\t\t\t<\/div>\n\t\t\t\t<\/div>\n\t\t\t\t<div class=\"elementor-element elementor-element-014eb2e elementor-widget elementor-widget-heading\" data-id=\"014eb2e\" data-element_type=\"widget\" data-e-type=\"widget\" data-widget_type=\"heading.default\">\n\t\t\t\t<div class=\"elementor-widget-container\">\n\t\t\t\t\t<h2 class=\"elementor-heading-title elementor-size-default\">NOS MARCHES <span><b>EN COURS<\/b><\/span><\/h2>\t\t\t\t<\/div>\n\t\t\t\t<\/div>\n\t\t\t\t<div class=\"elementor-element elementor-element-8c0720e elementor-widget elementor-widget-spacer\" data-id=\"8c0720e\" data-element_type=\"widget\" data-e-type=\"widget\" data-widget_type=\"spacer.default\">\n\t\t\t\t<div class=\"elementor-widget-container\">\n\t\t\t\t\t\t\t<div class=\"elementor-spacer\">\n\t\t\t<div class=\"elementor-spacer-inner\"><\/div>\n\t\t<\/div>\n\t\t\t\t\t\t<\/div>\n\t\t\t\t<\/div>\n\t\t\t\t<div class=\"elementor-element elementor-element-0c43a98 elementor-grid-1 elementor-grid-tablet-2 elementor-grid-mobile-1 elementor-widget elementor-widget-loop-grid\" data-id=\"0c43a98\" data-element_type=\"widget\" data-e-type=\"widget\" data-settings=\"{&quot;template_id&quot;:&quot;2301&quot;,&quot;columns&quot;:1,&quot;_skin&quot;:&quot;post&quot;,&quot;columns_tablet&quot;:&quot;2&quot;,&quot;columns_mobile&quot;:&quot;1&quot;,&quot;edit_handle_selector&quot;:&quot;[data-elementor-type=\\&quot;loop-item\\&quot;]&quot;,&quot;row_gap&quot;:{&quot;unit&quot;:&quot;px&quot;,&quot;size&quot;:&quot;&quot;,&quot;sizes&quot;:[]},&quot;row_gap_tablet&quot;:{&quot;unit&quot;:&quot;px&quot;,&quot;size&quot;:&quot;&quot;,&quot;sizes&quot;:[]},&quot;row_gap_mobile&quot;:{&quot;unit&quot;:&quot;px&quot;,&quot;size&quot;:&quot;&quot;,&quot;sizes&quot;:[]}}\" data-widget_type=\"loop-grid.post\">\n\t\t\t\t<div class=\"elementor-widget-container\">\n\t\t\t\t\t\t\t<div class=\"elementor-loop-container elementor-grid\" role=\"list\">\n\t\t<style id=\"loop-dynamic-2301\">.e-loop-item-3380 .elementor-element.elementor-element-7231cd39:not(.elementor-motion-effects-element-type-background), .e-loop-item-3380 .elementor-element.elementor-element-7231cd39 > .elementor-motion-effects-container > .elementor-motion-effects-layer{background-image:url(\"https:\/\/www.martinique-energies-nouvelles.com\/wp-content\/uploads\/2024\/01\/Renouvelable.png\");}<\/style><style id=\"loop-2301\">.elementor-2301 .elementor-element.elementor-element-3d65bcf3{--display:flex;--min-height:190px;--flex-direction:row;--container-widget-width:initial;--container-widget-height:100%;--container-widget-flex-grow:1;--container-widget-align-self:stretch;--flex-wrap-mobile:wrap;--gap:0px 0px;--row-gap:0px;--column-gap:0px;}.elementor-2301 .elementor-element.elementor-element-7231cd39{--display:flex;--min-height:0px;--flex-direction:column;--container-widget-width:100%;--container-widget-height:initial;--container-widget-flex-grow:0;--container-widget-align-self:initial;--flex-wrap-mobile:wrap;--justify-content:center;--border-radius:10px 10px 10px 10px;}.elementor-2301 .elementor-element.elementor-element-7231cd39:not(.elementor-motion-effects-element-type-background), .elementor-2301 .elementor-element.elementor-element-7231cd39 > .elementor-motion-effects-container > .elementor-motion-effects-layer{background-position:center center;background-size:cover;}.elementor-2301 .elementor-element.elementor-element-2b7e9695{--display:flex;--flex-direction:column;--container-widget-width:100%;--container-widget-height:initial;--container-widget-flex-grow:0;--container-widget-align-self:initial;--flex-wrap-mobile:wrap;--justify-content:center;--gap:10px 10px;--row-gap:10px;--column-gap:10px;}.elementor-widget-heading .elementor-heading-title{font-family:var( --e-global-typography-primary-font-family ), Sans-serif;font-weight:var( --e-global-typography-primary-font-weight );color:var( --e-global-color-primary );}.elementor-2301 .elementor-element.elementor-element-694ec13 .elementor-heading-title{font-family:\"Play\", Sans-serif;font-size:15px;font-weight:600;color:#000000;}.elementor-widget-post-info .elementor-icon-list-item:not(:last-child):after{border-color:var( --e-global-color-text );}.elementor-widget-post-info .elementor-icon-list-icon i{color:var( --e-global-color-primary );}.elementor-widget-post-info .elementor-icon-list-icon svg{fill:var( --e-global-color-primary );}.elementor-widget-post-info .elementor-icon-list-text, .elementor-widget-post-info .elementor-icon-list-text a{color:var( --e-global-color-secondary );}.elementor-widget-post-info .elementor-icon-list-item{font-family:var( --e-global-typography-text-font-family ), Sans-serif;font-weight:var( --e-global-typography-text-font-weight );}.elementor-2301 .elementor-element.elementor-element-ad5d4cb .elementor-icon-list-icon i{color:#24C53C;font-size:14px;}.elementor-2301 .elementor-element.elementor-element-ad5d4cb .elementor-icon-list-icon svg{fill:#24C53C;--e-icon-list-icon-size:14px;}.elementor-2301 .elementor-element.elementor-element-ad5d4cb .elementor-icon-list-icon{width:14px;}.elementor-2301 .elementor-element.elementor-element-ad5d4cb .elementor-icon-list-item{font-family:\"Play\", Sans-serif;font-weight:400;}.elementor-widget-text-editor{font-family:var( --e-global-typography-text-font-family ), Sans-serif;font-weight:var( --e-global-typography-text-font-weight );color:var( --e-global-color-text );}.elementor-widget-text-editor.elementor-drop-cap-view-stacked .elementor-drop-cap{background-color:var( --e-global-color-primary );}.elementor-widget-text-editor.elementor-drop-cap-view-framed .elementor-drop-cap, .elementor-widget-text-editor.elementor-drop-cap-view-default .elementor-drop-cap{color:var( --e-global-color-primary );border-color:var( --e-global-color-primary );}.elementor-2301 .elementor-element.elementor-element-697fd013{text-align:justify;font-family:\"Play\", Sans-serif;font-size:15px;font-weight:400;color:#000000;}@media(min-width:768px){.elementor-2301 .elementor-element.elementor-element-7231cd39{--width:50%;}.elementor-2301 .elementor-element.elementor-element-2b7e9695{--width:66.6666%;}}<\/style>\t\t<div data-elementor-type=\"loop-item\" data-elementor-id=\"2301\" class=\"elementor elementor-2301 e-loop-item e-loop-item-3380 post-3380 marche_en_cours type-marche_en_cours status-publish has-post-thumbnail hentry category-en-cours\" data-elementor-post-type=\"elementor_library\" data-custom-edit-handle=\"1\">\n\t\t\t<div class=\"elementor-element elementor-element-3d65bcf3 e-flex e-con-boxed e-con e-parent\" data-id=\"3d65bcf3\" data-element_type=\"container\" data-e-type=\"container\">\n\t\t\t\t\t<div class=\"e-con-inner\">\n\t\t<div class=\"elementor-element elementor-element-7231cd39 e-con-full e-flex e-con e-child\" data-id=\"7231cd39\" data-element_type=\"container\" data-e-type=\"container\" data-settings=\"{&quot;background_background&quot;:&quot;classic&quot;}\">\n\t\t\t\t<\/div>\n\t\t<div class=\"elementor-element elementor-element-2b7e9695 e-con-full e-flex e-con e-child\" data-id=\"2b7e9695\" data-element_type=\"container\" data-e-type=\"container\">\n\t\t\t\t<div class=\"elementor-element elementor-element-694ec13 elementor-widget elementor-widget-heading\" data-id=\"694ec13\" data-element_type=\"widget\" data-e-type=\"widget\" data-widget_type=\"heading.default\">\n\t\t\t\t<div class=\"elementor-widget-container\">\n\t\t\t\t\t<h2 class=\"elementor-heading-title elementor-size-default\">Contrat d'entretien pr\u00e9ventif et curatif<\/h2>\t\t\t\t<\/div>\n\t\t\t\t<\/div>\n\t\t\t\t<div class=\"elementor-element elementor-element-ad5d4cb elementor-widget elementor-widget-post-info\" data-id=\"ad5d4cb\" data-element_type=\"widget\" data-e-type=\"widget\" data-widget_type=\"post-info.default\">\n\t\t\t\t<div class=\"elementor-widget-container\">\n\t\t\t\t\t\t\t<ul class=\"elementor-icon-list-items elementor-post-info\">\n\t\t\t\t\t\t\t\t<li class=\"elementor-icon-list-item elementor-repeater-item-9cc9371\" itemprop=\"datePublished\">\n\t\t\t\t\t\t\t\t\t\t<span class=\"elementor-icon-list-icon\">\n\t\t\t\t\t\t\t\t<svg aria-hidden=\"true\" class=\"e-font-icon-svg e-fas-calendar\" viewBox=\"0 0 448 512\" xmlns=\"http:\/\/www.w3.org\/2000\/svg\"><path d=\"M12 192h424c6.6 0 12 5.4 12 12v260c0 26.5-21.5 48-48 48H48c-26.5 0-48-21.5-48-48V204c0-6.6 5.4-12 12-12zm436-44v-36c0-26.5-21.5-48-48-48h-48V12c0-6.6-5.4-12-12-12h-40c-6.6 0-12 5.4-12 12v52H160V12c0-6.6-5.4-12-12-12h-40c-6.6 0-12 5.4-12 12v52H48C21.5 64 0 85.5 0 112v36c0 6.6 5.4 12 12 12h424c6.6 0 12-5.4 12-12z\"><\/path><\/svg>\t\t\t\t\t\t\t<\/span>\n\t\t\t\t\t\t\t\t\t<span class=\"elementor-icon-list-text elementor-post-info__item elementor-post-info__item--type-date\">\n\t\t\t\t\t\t\t<span class=\"elementor-post-info__item-prefix\">Date de mise en ligne : 19\/09\/2025<\/span>\n\t\t\t\t\t\t\t\t\t\t<time> <\/time>\t\t\t\t\t<\/span>\n\t\t\t\t\t\t\t\t<\/li>\n\t\t\t\t<\/ul>\n\t\t\t\t\t\t<\/div>\n\t\t\t\t<\/div>\n\t\t\t\t<div class=\"elementor-element elementor-element-697fd013 elementor-widget elementor-widget-text-editor\" data-id=\"697fd013\" data-element_type=\"widget\" data-e-type=\"widget\" data-widget_type=\"text-editor.default\">\n\t\t\t\t<div class=\"elementor-widget-container\">\n\t\t\t\t\t\t\t\t\tObjet de la consultation\r\n\t\r\nContrat d&rsquo;entretien pr\u00e9ventif et curatif de 26 centrales photovolta\u00efques injection\r\nType de proc\u00e9dure\r\n\t\r\nProc\u00e9dure Adapt\u00e9e Ouverte &lt; 90 k\u20ac\r\nType de prestation\r\n\t\r\nPublic (CT et organismes assimil\u00e9s) \/ Services\r\nD\u00e9partement(s) de la prestation\r\n\t\r\n972 Martinique\r\nTransmission des r\u00e9ponses par voie \u00e9lectronique\r\n\t\r\nExig\u00e9e\r\nDate de publication\r\n\t\r\nVendredi 19 septembre 2025 &#8211; 09:34 (heure locale du pouvoir adjudicateur)\r\nDate et heure de cl\u00f4ture\r\n\t\r\nVendredi 24 octobre 2025 &#8211; 12:00 (heure locale du pouvoir adjudicateur)\t\t\t\t\t\t\t\t<\/div>\n\t\t\t\t<\/div>\n\t\t\t\t<\/div>\n\t\t\t\t\t<\/div>\n\t\t\t\t<\/div>\n\t\t\t\t<\/div>\n\t\t\t\t<\/div>\n\t\t\n\t\t\t\t\t\t<\/div>\n\t\t\t\t<\/div>\n\t\t\t\t<\/div>\n\t\t<div class=\"elementor-element elementor-element-2eaa720 e-con-full e-flex e-con e-child\" data-id=\"2eaa720\" data-element_type=\"container\" data-e-type=\"container\">\n\t\t\t\t<div class=\"elementor-element elementor-element-5e52e67 elementor-widget elementor-widget-spacer\" data-id=\"5e52e67\" data-element_type=\"widget\" data-e-type=\"widget\" data-widget_type=\"spacer.default\">\n\t\t\t\t<div class=\"elementor-widget-container\">\n\t\t\t\t\t\t\t<div class=\"elementor-spacer\">\n\t\t\t<div class=\"elementor-spacer-inner\"><\/div>\n\t\t<\/div>\n\t\t\t\t\t\t<\/div>\n\t\t\t\t<\/div>\n\t\t\t\t<div class=\"elementor-element elementor-element-2ace698 elementor-widget elementor-widget-heading\" data-id=\"2ace698\" data-element_type=\"widget\" data-e-type=\"widget\" data-widget_type=\"heading.default\">\n\t\t\t\t<div class=\"elementor-widget-container\">\n\t\t\t\t\t<h2 class=\"elementor-heading-title elementor-size-default\">COMMENT <font>POSTULER ?<\/font><\/h2>\t\t\t\t<\/div>\n\t\t\t\t<\/div>\n\t\t\t\t<div class=\"elementor-element elementor-element-39e605f elementor-widget-divider--view-line elementor-widget elementor-widget-divider\" data-id=\"39e605f\" data-element_type=\"widget\" data-e-type=\"widget\" data-widget_type=\"divider.default\">\n\t\t\t\t<div class=\"elementor-widget-container\">\n\t\t\t\t\t\t\t<div class=\"elementor-divider\">\n\t\t\t<span class=\"elementor-divider-separator\">\n\t\t\t\t\t\t<\/span>\n\t\t<\/div>\n\t\t\t\t\t\t<\/div>\n\t\t\t\t<\/div>\n\t\t\t\t<div class=\"elementor-element elementor-element-98cea08 elementor-widget elementor-widget-image\" data-id=\"98cea08\" data-element_type=\"widget\" data-e-type=\"widget\" data-widget_type=\"image.default\">\n\t\t\t\t<div class=\"elementor-widget-container\">\n\t\t\t\t\t\t\t\t\t\t\t\t\t\t\t<img fetchpriority=\"high\" decoding=\"async\" width=\"800\" height=\"450\" src=\"https:\/\/www.martinique-energies-nouvelles.com\/wp-content\/uploads\/2024\/01\/Footer-MP1-1024x576.png\" class=\"attachment-large size-large wp-image-1388\" alt=\"\" srcset=\"https:\/\/www.martinique-energies-nouvelles.com\/wp-content\/uploads\/2024\/01\/Footer-MP1-1024x576.png 1024w, https:\/\/www.martinique-energies-nouvelles.com\/wp-content\/uploads\/2024\/01\/Footer-MP1-300x169.png 300w, https:\/\/www.martinique-energies-nouvelles.com\/wp-content\/uploads\/2024\/01\/Footer-MP1-768x432.png 768w, https:\/\/www.martinique-energies-nouvelles.com\/wp-content\/uploads\/2024\/01\/Footer-MP1.png 1280w\" sizes=\"(max-width: 800px) 100vw, 800px\" \/>\t\t\t\t\t\t\t\t\t\t\t\t\t\t\t<\/div>\n\t\t\t\t<\/div>\n\t\t\t\t<div class=\"elementor-element elementor-element-d74324a elementor-widget elementor-widget-text-editor\" data-id=\"d74324a\" data-element_type=\"widget\" data-e-type=\"widget\" data-widget_type=\"text-editor.default\">\n\t\t\t\t<div class=\"elementor-widget-container\">\n\t\t\t\t\t\t\t\t\t<ul><li dir=\"ltr\"><p dir=\"ltr\" role=\"presentation\">Nature juridique et les modalit\u00e9s de participation aux march\u00e9s publics\u00a0<\/p><\/li><\/ul><p dir=\"ltr\">La SPL Martinique Energies Nouvelles est une soci\u00e9t\u00e9 anonyme. Bien que ses actionnaires soient des personnes publiques, elle demeure une personne morale de droit priv\u00e9. Elle exerce ses activit\u00e9s exclusivement pour le compte et sur le territoire de ses actionnaires.\u00a0<\/p><p dir=\"ltr\">De ce fait, toute entreprise, quelle que soit sa taille, y compris une micro-entreprise, a la possibilit\u00e9 de se porter candidate \u00e0 nos march\u00e9s publics. Pour cela, un dossier de r\u00e9ponse, complet, doit \u00eatre pr\u00e9par\u00e9, comprenant syst\u00e9matiquement deux parties distinctes : une candidature et une offre. Pour la soumission de votre candidature, vous avez la possibilit\u00e9 d&rsquo;utiliser soit le Document Unique de March\u00e9 Europ\u00e9en (DUME) \u00e9lectronique, soit les formulaires de d\u00e9clarations classiques tels que les formulaires DC1 et DC2, et \u00e9ventuellement le DC4\u00a0<\/p><p dir=\"ltr\">Conform\u00e9ment \u00e0 notre engagement en faveur de la modernisation, la SPL Martinique Energies Nouvelles a opt\u00e9 pour la d\u00e9mat\u00e9rialisation compl\u00e8te de ses proc\u00e9dures d&rsquo;achat. Par cons\u00e9quent, pour consulter nos offres et d\u00e9poser votre proposition, les soumissions se font par voie d\u00e9mat\u00e9rialis\u00e9e, en cliquant sur le bouton ci-dessous.<\/p>\t\t\t\t\t\t\t\t<\/div>\n\t\t\t\t<\/div>\n\t\t\t\t<div class=\"elementor-element elementor-element-5c13851 elementor-widget elementor-widget-spacer\" data-id=\"5c13851\" data-element_type=\"widget\" data-e-type=\"widget\" data-widget_type=\"spacer.default\">\n\t\t\t\t<div class=\"elementor-widget-container\">\n\t\t\t\t\t\t\t<div class=\"elementor-spacer\">\n\t\t\t<div class=\"elementor-spacer-inner\"><\/div>\n\t\t<\/div>\n\t\t\t\t\t\t<\/div>\n\t\t\t\t<\/div>\n\t\t\t\t<div class=\"elementor-element elementor-element-053a37c elementor-align-center elementor-widget elementor-widget-button\" data-id=\"053a37c\" data-element_type=\"widget\" data-e-type=\"widget\" data-widget_type=\"button.default\">\n\t\t\t\t<div class=\"elementor-widget-container\">\n\t\t\t\t\t\t\t\t\t<div class=\"elementor-button-wrapper\">\n\t\t\t\t\t<a class=\"elementor-button elementor-button-link elementor-size-md\" href=\"\/\/www.marches-securises.fr\/entreprise\/?\">\n\t\t\t\t\t\t<span class=\"elementor-button-content-wrapper\">\n\t\t\t\t\t\t\t\t\t<span class=\"elementor-button-text\">Se connecter<\/span>\n\t\t\t\t\t<\/span>\n\t\t\t\t\t<\/a>\n\t\t\t\t<\/div>\n\t\t\t\t\t\t\t\t<\/div>\n\t\t\t\t<\/div>\n\t\t\t\t<\/div>\n\t\t\t\t\t<\/div>\n\t\t\t\t<\/div>\n\t\t<div class=\"elementor-element elementor-element-331e37c e-flex e-con-boxed e-con e-parent\" data-id=\"331e37c\" data-element_type=\"container\" data-e-type=\"container\">\n\t\t\t\t\t<div class=\"e-con-inner\">\n\t\t\t\t<div class=\"elementor-element elementor-element-2e73ccd elementor-widget elementor-widget-spacer\" data-id=\"2e73ccd\" data-element_type=\"widget\" data-e-type=\"widget\" data-widget_type=\"spacer.default\">\n\t\t\t\t<div class=\"elementor-widget-container\">\n\t\t\t\t\t\t\t<div class=\"elementor-spacer\">\n\t\t\t<div class=\"elementor-spacer-inner\"><\/div>\n\t\t<\/div>\n\t\t\t\t\t\t<\/div>\n\t\t\t\t<\/div>\n\t\t\t\t\t<\/div>\n\t\t\t\t<\/div>\n\t\t\t\t<\/div>\n\t\t","protected":false},"excerpt":{"rendered":"<p>L&rsquo;\u00e9nergie est notre force ! La SPL Martinique \u00c9nergies Nouvelles vous\u00a0accompagne dans votre transition \u00e9nerg\u00e9tique. Testez votre \u00e9ligibilit\u00e9 ICI ! NOS MARCHES EN COURS COMMENT POSTULER ? Nature juridique et les modalit\u00e9s de participation aux march\u00e9s publics\u00a0 La SPL Martinique Energies Nouvelles est une soci\u00e9t\u00e9 anonyme. Bien que ses actionnaires soient des personnes publiques, elle [&hellip;]<\/p>\n","protected":false},"author":1,"featured_media":0,"parent":0,"menu_order":0,"comment_status":"closed","ping_status":"closed","template":"","meta":{"_acf_changed":false,"footnotes":""},"class_list":["post-2003","page","type-page","status-publish","hentry"],"acf":[],"_links":{"self":[{"href":"https:\/\/www.martinique-energies-nouvelles.com\/index.php?rest_route=\/wp\/v2\/pages\/2003","targetHints":{"allow":["GET"]}}],"collection":[{"href":"https:\/\/www.martinique-energies-nouvelles.com\/index.php?rest_route=\/wp\/v2\/pages"}],"about":[{"href":"https:\/\/www.martinique-energies-nouvelles.com\/index.php?rest_route=\/wp\/v2\/types\/page"}],"author":[{"embeddable":true,"href":"https:\/\/www.martinique-energies-nouvelles.com\/index.php?rest_route=\/wp\/v2\/users\/1"}],"replies":[{"embeddable":true,"href":"https:\/\/www.martinique-energies-nouvelles.com\/index.php?rest_route=%2Fwp%2Fv2%2Fcomments&post=2003"}],"version-history":[{"count":124,"href":"https:\/\/www.martinique-energies-nouvelles.com\/index.php?rest_route=\/wp\/v2\/pages\/2003\/revisions"}],"predecessor-version":[{"id":3383,"href":"https:\/\/www.martinique-energies-nouvelles.com\/index.php?rest_route=\/wp\/v2\/pages\/2003\/revisions\/3383"}],"wp:attachment":[{"href":"https:\/\/www.martinique-energies-nouvelles.com\/index.php?rest_route=%2Fwp%2Fv2%2Fmedia&parent=2003"}],"curies":[{"name":"wp","href":"https:\/\/api.w.org\/{rel}","templated":true}]}}